{"id":855,"date":"2021-01-20T17:31:32","date_gmt":"2021-01-20T16:31:32","guid":{"rendered":"https:\/\/acboatold.plesk2025.mtstudio.me\/privacy-policy\/"},"modified":"2025-03-21T09:59:49","modified_gmt":"2025-03-21T08:59:49","slug":"privacy-policy","status":"publish","type":"page","link":"https:\/\/acboatold.plesk2025.mtstudio.me\/it\/privacy-policy\/","title":{"rendered":"Privacy Policy"},"content":{"rendered":"\t\t<div data-elementor-type=\"wp-page\" data-elementor-id=\"855\" class=\"elementor elementor-855 elementor-3\" data-elementor-post-type=\"page\">\n\t\t\t\t\t\t<section class=\"elementor-section elementor-top-section elementor-element elementor-element-438d50f elementor-section-boxed elementor-section-height-default elementor-section-height-default\" data-id=\"438d50f\" data-element_type=\"section\" data-e-type=\"section\" data-settings=\"{&quot;background_background&quot;:&quot;classic&quot;}\">\n\t\t\t\t\t\t<div class=\"elementor-container elementor-column-gap-default\">\n\t\t\t\t\t<div class=\"elementor-column elementor-col-100 elementor-top-column elementor-element elementor-element-f4d1fdf\" data-id=\"f4d1fdf\" data-element_type=\"column\" data-e-type=\"column\">\n\t\t\t<div class=\"elementor-widget-wrap elementor-element-populated\">\n\t\t\t\t\t\t<div class=\"elementor-element elementor-element-9366c2e elementor-widget elementor-widget-heading\" data-id=\"9366c2e\" data-element_type=\"widget\" data-e-type=\"widget\" data-widget_type=\"heading.default\">\n\t\t\t\t<div class=\"elementor-widget-container\">\n\t\t\t\t\t<h1 class=\"elementor-heading-title elementor-size-default\">Privacy Policy<\/h1>\t\t\t\t<\/div>\n\t\t\t\t<\/div>\n\t\t\t\t\t<\/div>\n\t\t<\/div>\n\t\t\t\t\t<\/div>\n\t\t<\/section>\n\t\t\t\t<section class=\"elementor-section elementor-top-section elementor-element elementor-element-ac0b9c4 elementor-section-boxed elementor-section-height-default elementor-section-height-default\" data-id=\"ac0b9c4\" data-element_type=\"section\" data-e-type=\"section\">\n\t\t\t\t\t\t<div class=\"elementor-container elementor-column-gap-default\">\n\t\t\t\t\t<div class=\"elementor-column elementor-col-100 elementor-top-column elementor-element elementor-element-4bebe7e1\" data-id=\"4bebe7e1\" data-element_type=\"column\" data-e-type=\"column\">\n\t\t\t<div class=\"elementor-widget-wrap elementor-element-populated\">\n\t\t\t\t\t\t<div class=\"elementor-element elementor-element-22fa07ac elementor-widget elementor-widget-text-editor\" data-id=\"22fa07ac\" data-element_type=\"widget\" data-e-type=\"widget\" data-widget_type=\"text-editor.default\">\n\t\t\t\t<div class=\"elementor-widget-container\">\n\t\t\t\t\t\t\t\t\t<h2>Perch\u00e9 questo avviso<\/h2><p>In questa pagina si descrivono le modalit\u00e0 di gestione del sito in riferimento al trattamento dei dati personali degli utenti che lo consultano.<\/p><p>Si tratta di un&#8217;informativa che \u00e8 resa anche ai sensi dell&#8217;art. 13 del Reg. UE 2016\/679 &#8211; Regolamento generale sulla protezione dei dati &#8211; a coloro che interagiscono con i servizi web, accessibili per via telematica a partire dall&#8217;indirizzo: www.acboatlimoservice.com, corrispondente alla pagina iniziale del sito.<\/p><p>L&#8217;informativa \u00e8 resa solo per il presente sito e non anche per altri siti web eventualmente consultati dall&#8217;utente tramite link.<\/p><p>L\u2019informativa si ispira alle direttive impartite dal \u201cPacchetto Europeo Protezione Dati\u201d che, dal 4 maggio 2016, ha previsto misure di sicurezza tecniche ed organizzative adeguate al trattamento dei dati, anche online, finalit\u00e0, modalit\u00e0, tempi, natura delle informazioni che i titolari del trattamento devono fornire agli interessati, diritti degli interessati.<\/p><p>L&#8217;informativa si ispira anche alla Raccomandazione n. 2\/2001 che le autorit\u00e0 europee per la protezione dei dati personali, riunite nel Gruppo istituito dall&#8217;art. 29 della direttiva n. 95\/46\/CE, hanno adottato il 17 maggio 2001 per individuare alcuni requisiti minimi per la raccolta di dati personali on-line, e, in particolare, le modalit\u00e0, i tempi e la natura delle informazioni che i titolari del trattamento devono fornire agli utenti quando questi si collegano a pagine web, indipendentemente dagli scopi del collegamento.<\/p><h2>Il &#8220;titolare&#8221; del trattamento<\/h2><p>A seguito della consultazione di questo sito possono essere trattati dati relativi a persone identificate o identificabili. Il &#8220;titolare&#8221; del loro trattamento \u00e8 AC BOAT \u2013 PRIVATE CRUISES.\u00a0<\/p><h2>Luogo di trattamento dei dati<\/h2><p>I trattamenti connessi ai servizi web di questo sito hanno luogo presso la predetta sede del Titolare del trattamento e sono curati solo da soggetti incaricati al trattamento da parte del Titolare.\u00a0<\/p><h2>Tipi di dati trattati<\/h2><h3>Dati di navigazione<\/h3><p>I sistemi informatici e le procedure software preposte al funzionamento di questo sito web acquisiscono, nel corso del loro normale esercizio, alcuni dati personali la cui trasmissione \u00e8 implicita nell&#8217;uso dei protocolli di comunicazione di Internet.<\/p><p>Si tratta di informazioni che non sono raccolte per essere associate a interessati identificati, ma che per loro stessa natura potrebbero, attraverso elaborazioni ed associazioni con dati detenuti da terzi, permettere di identificare gli utenti.<\/p><p>In questa categoria di dati rientrano gli indirizzi IP o i nomi a dominio dei computer utilizzati dagli utenti che si connettono al sito, gli indirizzi in notazione URI (Uniform Resource Identifier) delle risorse richieste, l&#8217;orario della richiesta, il metodo utilizzato nel sottoporre la richiesta al server, la dimensione del file ottenuto in risposta, il codice numerico indicante lo stato della risposta data dal server (buon fine, errore, ecc.) ed altri parametri relativi al sistema operativo e all&#8217;ambiente informatico dell&#8217;utente.<\/p><p>Questi dati vengono utilizzati al solo fine di ricavare informazioni statistiche anonime sull&#8217;uso del sito e per controllarne il corretto funzionamento e vengono cancellati immediatamente dopo l&#8217;elaborazione. I dati potrebbero essere utilizzati per l&#8217;accertamento di responsabilit\u00e0 in caso di ipotetici reati informatici ai danni del sito: salva questa eventualit\u00e0, allo stato i dati sui contatti web non persistono per pi\u00f9 di sette giorni.<\/p><h3>Dati forniti volontariamente dall&#8217;utente<\/h3><p>L&#8217;invio facoltativo, esplicito e volontario di posta elettronica agli indirizzi indicati su questo sito comporta la successiva acquisizione dell&#8217;indirizzo del mittente, necessario per rispondere alle richieste, nonch\u00e9 degli eventuali altri dati personali inseriti nella missiva.<\/p><p>Specifiche informative di sintesi verranno progressivamente riportate o visualizzate nelle pagine del sito predisposte per particolari servizi a richiesta.<\/p><h2>Sicurezza dati forniti<\/h2><p>Il presente sito tratta i dati degli utenti in maniera lecita e corretta, adottando le opportune misure di sicurezza volte ad impedire accessi non autorizzati, divulgazione, modifica o distruzione non autorizzata dei dati. Il trattamento viene effettuato mediante strumenti informatici e\/o telematici, con modalit\u00e0 organizzative e con logiche strettamente correlate alle finalit\u00e0 indicate.<\/p><p>Oltre al titolare, in alcuni casi, potrebbe avere accesso ai dati:<\/p><ul><li>soggetti incaricati facenti parte della nostra azienda<\/li><li>soggetti esterni che eventualmente svolgono per conto della nostra azienda gestione dei sistemi informatici e sito internet<\/li><li>soggetti ai quali la facolt\u00e0 di accedere ai dati stessi sia accordata da disposizioni di legge o regolamenti<\/li><li>altri soggetti previsti dalla legge<\/li><\/ul><h2>Facoltativit\u00e0 del conferimento dei dati<\/h2><p>A parte quanto specificato per i dati di navigazione, l&#8217;utente \u00e8 libero di fornire i dati personali riportati nei moduli di richiesta informazioni per sollecitare l\u2019invio di preventivi o informazioni in merito ai servizi richiesti.<\/p><p>Il loro mancato conferimento pu\u00f2 comportare l&#8217;impossibilit\u00e0 di ottenere quanto richiesto.<\/p><h2>Dettagli sul trattamento dei dati personali<\/h2><p>I dati personali sono raccolti per le seguenti finalit\u00e0 ed utilizzando i seguenti servizi:<\/p><h3>Interazione con Social Networks<\/h3><p>Questi servizi permettono di effettuare interazioni con i social network, o con altre piattaforme esterne, direttamente dalle pagine di questo Sito. Le interazioni e le informazioni acquisite da questo sito sono in ogni caso soggette alle impostazioni privacy dell\u2019Utente relative ad ogni social network. Nel caso in cui sia installato un servizio di interazione con i social network, \u00e8 possibile che, anche nel caso gli Utenti non utilizzino il servizio, lo stesso raccolga dati di traffico relativi alle pagine in cui \u00e8 installato.<\/p><ul><li>Pulsante +1 e widget sociali di Google+ (Google Inc.)Il pulsante +1 e i widget sociali di Google+ sono servizi di interazione con il social network Google+, forniti da Google Inc.Dati personali raccolti: Cookie e Dati di utilizzoLuogo del trattamento : USA \u2013\u00a0<a href=\"https:\/\/www.google.com\/intl\/it\/policies\/privacy\/\" target=\"_blank\" rel=\"noreferrer noopener\">Privacy Policy<\/a><\/li><li>Pulsante e widget sociali di Linkedin (LinkedIn Corporation)Il pulsante e i widget sociali di Linkedin sono servizi di interazione con il social network Linkedin, forniti da LinkedIn Corporation.Dati personali raccolti: Cookie e Dati di utilizzoLuogo del trattamento : USA \u2013\u00a0<a href=\"https:\/\/www.linkedin.com\/legal\/privacy-policy\" target=\"_blank\" rel=\"noreferrer noopener\">Privacy Policy<\/a><\/li><li>Pulsante Mi Piace e widget sociali di Facebook (Facebook, Inc.)Il pulsante \u201cMi Piace\u201d e i widget sociali di Facebook sono servizi di interazione con il social network Facebook, forniti da Facebook, Inc.Dati personali raccolti: Cookie e Dati di utilizzoLuogo del trattamento : USA \u2013\u00a0<a href=\"https:\/\/www.facebook.com\/privacy\/explanation.php\" target=\"_blank\" rel=\"noreferrer noopener\">Privacy Policy<\/a><\/li><li>Pulsante Tweet e widget sociali di Twitter (Twitter, Inc.)Il pulsante Tweet e i widget sociali di Twitter sono servizi di interazione con il social network Twitter, forniti da Twitter, Inc.Dati personali raccolti: Cookie e Dati di utilizzoLuogo del trattamento : USA \u2013\u00a0<a href=\"https:\/\/twitter.com\/privacy\" target=\"_blank\" rel=\"noreferrer noopener\">Privacy Policy<\/a><\/li><\/ul><h3>Contenuti su piattaforme esterne<\/h3><p>Questi servizi permettono di visualizzare contenuti ospitati su piattaforme esterne direttamente dalle pagine di questo Sito e di interagire con essi. Nel caso in cui sia installato un servizio di questo tipo, \u00e8 possibile che, anche nel caso gli Utenti non utilizzino il servizio, lo stesso raccolga dati di traffico relativi alle pagine in cui \u00e8 installato.<\/p><ul><li class=\"\">Video Youtube (Google Inc.)<br \/>Youtube \u00e8 un servizio di visualizzazione di contenuti video gestito da Google Inc. che permette a questo Sito di integrare tali contenuti all\u2019interno delle proprie pagine.<br \/>Dati personali raccolti: Cookie e Dati di utilizzo<br \/>Luogo del trattamento : USA \u2013\u00a0<a href=\"https:\/\/www.google.it\/intl\/it\/policies\/privacy\/\" target=\"_blank\" rel=\"noreferrer noopener\">Privacy Policy<\/a><\/li><li class=\"\">Google Maps (Google Inc.)<br \/>Google Maps \u00e8 un servizio di visualizzazione di mappe gestito da Google Inc. che permette a questo Sito di integrare tali contenuti all\u2019interno delle proprie pagine.<br \/>Dati personali raccolti: Cookie e Dati di utilizzo<br \/>Luogo del trattamento : USA \u2013\u00a0<a href=\"https:\/\/www.google.it\/intl\/it\/policies\/privacy\/\" target=\"_blank\" rel=\"noreferrer noopener\">Privacy Policy<\/a><\/li><li>Facebook (Meta Platforms Inc.)<br \/>Facebook utilizza un servizio di remarketing e behavioral targeting fornito da Meta Platforms, Inc. che collega l&#8217;attivit\u00e0 di questo Sito Web con il network di advertising Meta.<br \/>Luogo del trattamento : USA \u2013 <a href=\"https:\/\/www.facebook.com\/privacy\/policy\/\" target=\"_blank\" rel=\"noopener\">Privacy Policy<\/a> &#8211; <a href=\"https:\/\/www.facebook.com\/help\/247395082112892\" target=\"_blank\" rel=\"noopener\">Opt-out<\/a><br \/><br \/><\/li><\/ul><h2>Modalit\u00e0 del trattamento e tempo di conservazione dei dati<\/h2><p>I dati personali sono trattati sia con strumenti automatizzati, per il tempo strettamente necessario a conseguire gli scopi per cui sono stati raccolti, sia con strumenti non automatizzati, tra cui la forma cartacea.<\/p><p>Specifiche misure di sicurezza sono osservate per prevenire la perdita dei dati, usi illeciti o non corretti ed accessi non autorizzati.<\/p><p>I dati raccolti mediante email,\u00a0saranno debitamente conservati fino alla scadenza del termine legale (dati cartacei) ovvero ai sensi dell\u2019art. 13. c.2, lett. a), seconda parte, del Reg. UE 2016\/679, per un termine variabile, secondo criteri di bilanciamento di interessi legittimi aziendali (legati a verifiche fiscali, eventuale corrispondenza commerciale speciale, quale contenziosi, morosit\u00e0, aspetti legali, fini statistici).<\/p><h2>Diritti degli interessati<\/h2><p>I soggetti cui si riferiscono i dati personali, ai sensi dell\u2019art. 13, par. 2, lett. b), c), d) del Reg. UE 2016\/679, rivolgendosi al Titolare del trattamento, in qualunque momento potranno far valere i seguenti diritti:\u00a0<\/p><ul><li>diritto all\u2019accesso (art. 15);<\/li><li>diritto di rettifica (art. 16);<\/li><li>diritto di cancellazione (art. 17);<\/li><li>diritto di limitazione (art. 18);<\/li><li>diritto alla portabilit\u00e0 del dato (art. 20);<\/li><li>diritto di opposizione (art. 21);<\/li><li>diritto di proporre reclamo ad un\u2019autorit\u00e0 di controllo (art. 77);<\/li><li>diritto di revocare il consenso, nei casi previsti dall\u2019art. 6, par. 1, lett. a) oppure dall\u2019art. 9, par. 2, lett. a)<\/li><\/ul><p>Le richieste vanno rivolte:<\/p><ul><li>via e-mail, all&#8217;indirizzo: acboat@hotmail.it<\/li><li>via telefono: +39 345 90 10 694<\/li><\/ul><p>L\u2019informativa pu\u00f2 subire modifiche a causa dell\u2019introduzione di nuove norme al riguardo, si invita pertanto l\u2019utente a controllare periodicamente la presente pagina.<\/p><h2>Data di aggiornamento<\/h2><p>Il documento \u00e8 stato aggiornato in data 2\/08\/2022 per essere conforme alle disposizioni normative in materia.<\/p>\t\t\t\t\t\t\t\t<\/div>\n\t\t\t\t<\/div>\n\t\t\t\t\t<\/div>\n\t\t<\/div>\n\t\t\t\t\t<\/div>\n\t\t<\/section>\n\t\t\t\t<\/div>\n\t\t","protected":false},"excerpt":{"rendered":"<p>Perch\u00e9 questo avviso In questa pagina si descrivono le modalit\u00e0 di gestione del sito in riferimento al trattamento dei dati personali degli utenti che lo consultano. Si tratta di un&#8217;informativa che \u00e8 resa anche ai sensi dell&#8217;art. 13 del Reg. UE 2016\/679 &#8211; Regolamento generale sulla protezione dei dati &#8211; a coloro che interagiscono con [&hellip;]<\/p>\n","protected":false},"author":4,"featured_media":0,"parent":0,"menu_order":0,"comment_status":"closed","ping_status":"open","template":"","meta":{"footnotes":""},"class_list":["post-855","page","type-page","status-publish","hentry"],"yoast_head":"<!-- This site is optimized with the Yoast SEO plugin v27.3 - https:\/\/yoast.com\/product\/yoast-seo-wordpress\/ -->\n<title>Privacy Policy - AC Boat - Boat tours &amp; excursions on Lake Como<\/title>\n<meta name=\"robots\" content=\"index, follow, max-snippet:-1, max-image-preview:large, max-video-preview:-1\" \/>\n<link rel=\"canonical\" href=\"https:\/\/acboatold.plesk2025.mtstudio.me\/it\/privacy-policy\/\" \/>\n<meta property=\"og:locale\" content=\"it_IT\" \/>\n<meta property=\"og:type\" content=\"article\" \/>\n<meta property=\"og:title\" content=\"Privacy Policy - AC Boat - Boat tours &amp; excursions on Lake Como\" \/>\n<meta property=\"og:description\" content=\"Perch\u00e9 questo avviso In questa pagina si descrivono le modalit\u00e0 di gestione del sito in riferimento al trattamento dei dati personali degli utenti che lo consultano. Si tratta di un&#8217;informativa che \u00e8 resa anche ai sensi dell&#8217;art. 13 del Reg. UE 2016\/679 &#8211; Regolamento generale sulla protezione dei dati &#8211; a coloro che interagiscono con [&hellip;]\" \/>\n<meta property=\"og:url\" content=\"https:\/\/acboatold.plesk2025.mtstudio.me\/it\/privacy-policy\/\" \/>\n<meta property=\"og:site_name\" content=\"AC Boat - Boat tours &amp; excursions on Lake Como\" \/>\n<meta property=\"article:modified_time\" content=\"2025-03-21T08:59:49+00:00\" \/>\n<meta name=\"twitter:card\" content=\"summary_large_image\" \/>\n<meta name=\"twitter:label1\" content=\"Tempo di lettura stimato\" \/>\n\t<meta name=\"twitter:data1\" content=\"8 minuti\" \/>\n<script type=\"application\/ld+json\" class=\"yoast-schema-graph\">{\"@context\":\"https:\\\/\\\/schema.org\",\"@graph\":[{\"@type\":\"WebPage\",\"@id\":\"https:\\\/\\\/acboatold.plesk2025.mtstudio.me\\\/it\\\/privacy-policy\\\/\",\"url\":\"https:\\\/\\\/acboatold.plesk2025.mtstudio.me\\\/it\\\/privacy-policy\\\/\",\"name\":\"Privacy Policy - AC Boat - Boat tours &amp; excursions on Lake Como\",\"isPartOf\":{\"@id\":\"https:\\\/\\\/acboatold.plesk2025.mtstudio.me\\\/#website\"},\"datePublished\":\"2021-01-20T16:31:32+00:00\",\"dateModified\":\"2025-03-21T08:59:49+00:00\",\"breadcrumb\":{\"@id\":\"https:\\\/\\\/acboatold.plesk2025.mtstudio.me\\\/it\\\/privacy-policy\\\/#breadcrumb\"},\"inLanguage\":\"it-IT\",\"potentialAction\":[{\"@type\":\"ReadAction\",\"target\":[\"https:\\\/\\\/acboatold.plesk2025.mtstudio.me\\\/it\\\/privacy-policy\\\/\"]}]},{\"@type\":\"BreadcrumbList\",\"@id\":\"https:\\\/\\\/acboatold.plesk2025.mtstudio.me\\\/it\\\/privacy-policy\\\/#breadcrumb\",\"itemListElement\":[{\"@type\":\"ListItem\",\"position\":1,\"name\":\"Home\",\"item\":\"https:\\\/\\\/acboatold.plesk2025.mtstudio.me\\\/it\\\/\"},{\"@type\":\"ListItem\",\"position\":2,\"name\":\"Privacy Policy\"}]},{\"@type\":\"WebSite\",\"@id\":\"https:\\\/\\\/acboatold.plesk2025.mtstudio.me\\\/#website\",\"url\":\"https:\\\/\\\/acboatold.plesk2025.mtstudio.me\\\/\",\"name\":\"AC Boat - Boat tours &amp; excursions on Lake Como\",\"description\":\"Boat Tour Lake Como\",\"publisher\":{\"@id\":\"https:\\\/\\\/acboatold.plesk2025.mtstudio.me\\\/#organization\"},\"potentialAction\":[{\"@type\":\"SearchAction\",\"target\":{\"@type\":\"EntryPoint\",\"urlTemplate\":\"https:\\\/\\\/acboatold.plesk2025.mtstudio.me\\\/?s={search_term_string}\"},\"query-input\":{\"@type\":\"PropertyValueSpecification\",\"valueRequired\":true,\"valueName\":\"search_term_string\"}}],\"inLanguage\":\"it-IT\"},{\"@type\":\"Organization\",\"@id\":\"https:\\\/\\\/acboatold.plesk2025.mtstudio.me\\\/#organization\",\"name\":\"AC Boat - Boat tours &amp; excursions on Lake Como\",\"url\":\"https:\\\/\\\/acboatold.plesk2025.mtstudio.me\\\/\",\"logo\":{\"@type\":\"ImageObject\",\"inLanguage\":\"it-IT\",\"@id\":\"https:\\\/\\\/acboatold.plesk2025.mtstudio.me\\\/#\\\/schema\\\/logo\\\/image\\\/\",\"url\":\"https:\\\/\\\/acboatold.plesk2025.mtstudio.me\\\/wp-content\\\/uploads\\\/2021\\\/01\\\/AC-boat-lake-como.png\",\"contentUrl\":\"https:\\\/\\\/acboatold.plesk2025.mtstudio.me\\\/wp-content\\\/uploads\\\/2021\\\/01\\\/AC-boat-lake-como.png\",\"width\":1000,\"height\":239,\"caption\":\"AC Boat - Boat tours &amp; excursions on Lake Como\"},\"image\":{\"@id\":\"https:\\\/\\\/acboatold.plesk2025.mtstudio.me\\\/#\\\/schema\\\/logo\\\/image\\\/\"}}]}<\/script>\n<!-- \/ Yoast SEO plugin. -->","yoast_head_json":{"title":"Privacy Policy - AC Boat - Boat tours &amp; excursions on Lake Como","robots":{"index":"index","follow":"follow","max-snippet":"max-snippet:-1","max-image-preview":"max-image-preview:large","max-video-preview":"max-video-preview:-1"},"canonical":"https:\/\/acboatold.plesk2025.mtstudio.me\/it\/privacy-policy\/","og_locale":"it_IT","og_type":"article","og_title":"Privacy Policy - AC Boat - Boat tours &amp; excursions on Lake Como","og_description":"Perch\u00e9 questo avviso In questa pagina si descrivono le modalit\u00e0 di gestione del sito in riferimento al trattamento dei dati personali degli utenti che lo consultano. Si tratta di un&#8217;informativa che \u00e8 resa anche ai sensi dell&#8217;art. 13 del Reg. UE 2016\/679 &#8211; Regolamento generale sulla protezione dei dati &#8211; a coloro che interagiscono con [&hellip;]","og_url":"https:\/\/acboatold.plesk2025.mtstudio.me\/it\/privacy-policy\/","og_site_name":"AC Boat - Boat tours &amp; excursions on Lake Como","article_modified_time":"2025-03-21T08:59:49+00:00","twitter_card":"summary_large_image","twitter_misc":{"Tempo di lettura stimato":"8 minuti"},"schema":{"@context":"https:\/\/schema.org","@graph":[{"@type":"WebPage","@id":"https:\/\/acboatold.plesk2025.mtstudio.me\/it\/privacy-policy\/","url":"https:\/\/acboatold.plesk2025.mtstudio.me\/it\/privacy-policy\/","name":"Privacy Policy - AC Boat - Boat tours &amp; excursions on Lake Como","isPartOf":{"@id":"https:\/\/acboatold.plesk2025.mtstudio.me\/#website"},"datePublished":"2021-01-20T16:31:32+00:00","dateModified":"2025-03-21T08:59:49+00:00","breadcrumb":{"@id":"https:\/\/acboatold.plesk2025.mtstudio.me\/it\/privacy-policy\/#breadcrumb"},"inLanguage":"it-IT","potentialAction":[{"@type":"ReadAction","target":["https:\/\/acboatold.plesk2025.mtstudio.me\/it\/privacy-policy\/"]}]},{"@type":"BreadcrumbList","@id":"https:\/\/acboatold.plesk2025.mtstudio.me\/it\/privacy-policy\/#breadcrumb","itemListElement":[{"@type":"ListItem","position":1,"name":"Home","item":"https:\/\/acboatold.plesk2025.mtstudio.me\/it\/"},{"@type":"ListItem","position":2,"name":"Privacy Policy"}]},{"@type":"WebSite","@id":"https:\/\/acboatold.plesk2025.mtstudio.me\/#website","url":"https:\/\/acboatold.plesk2025.mtstudio.me\/","name":"AC Boat - Boat tours &amp; excursions on Lake Como","description":"Boat Tour Lake Como","publisher":{"@id":"https:\/\/acboatold.plesk2025.mtstudio.me\/#organization"},"potentialAction":[{"@type":"SearchAction","target":{"@type":"EntryPoint","urlTemplate":"https:\/\/acboatold.plesk2025.mtstudio.me\/?s={search_term_string}"},"query-input":{"@type":"PropertyValueSpecification","valueRequired":true,"valueName":"search_term_string"}}],"inLanguage":"it-IT"},{"@type":"Organization","@id":"https:\/\/acboatold.plesk2025.mtstudio.me\/#organization","name":"AC Boat - Boat tours &amp; excursions on Lake Como","url":"https:\/\/acboatold.plesk2025.mtstudio.me\/","logo":{"@type":"ImageObject","inLanguage":"it-IT","@id":"https:\/\/acboatold.plesk2025.mtstudio.me\/#\/schema\/logo\/image\/","url":"https:\/\/acboatold.plesk2025.mtstudio.me\/wp-content\/uploads\/2021\/01\/AC-boat-lake-como.png","contentUrl":"https:\/\/acboatold.plesk2025.mtstudio.me\/wp-content\/uploads\/2021\/01\/AC-boat-lake-como.png","width":1000,"height":239,"caption":"AC Boat - Boat tours &amp; excursions on Lake Como"},"image":{"@id":"https:\/\/acboatold.plesk2025.mtstudio.me\/#\/schema\/logo\/image\/"}}]}},"_links":{"self":[{"href":"https:\/\/acboatold.plesk2025.mtstudio.me\/it\/wp-json\/wp\/v2\/pages\/855","targetHints":{"allow":["GET"]}}],"collection":[{"href":"https:\/\/acboatold.plesk2025.mtstudio.me\/it\/wp-json\/wp\/v2\/pages"}],"about":[{"href":"https:\/\/acboatold.plesk2025.mtstudio.me\/it\/wp-json\/wp\/v2\/types\/page"}],"author":[{"embeddable":true,"href":"https:\/\/acboatold.plesk2025.mtstudio.me\/it\/wp-json\/wp\/v2\/users\/4"}],"replies":[{"embeddable":true,"href":"https:\/\/acboatold.plesk2025.mtstudio.me\/it\/wp-json\/wp\/v2\/comments?post=855"}],"version-history":[{"count":20,"href":"https:\/\/acboatold.plesk2025.mtstudio.me\/it\/wp-json\/wp\/v2\/pages\/855\/revisions"}],"predecessor-version":[{"id":2762,"href":"https:\/\/acboatold.plesk2025.mtstudio.me\/it\/wp-json\/wp\/v2\/pages\/855\/revisions\/2762"}],"wp:attachment":[{"href":"https:\/\/acboatold.plesk2025.mtstudio.me\/it\/wp-json\/wp\/v2\/media?parent=855"}],"curies":[{"name":"wp","href":"https:\/\/api.w.org\/{rel}","templated":true}]}}